{"id":8067,"date":"2026-03-06T08:00:47","date_gmt":"2026-03-06T08:00:47","guid":{"rendered":"https:\/\/www.dr-frisch.at\/?page_id=8067"},"modified":"2026-05-01T19:37:19","modified_gmt":"2026-05-01T19:37:19","slug":"datenschutz","status":"publish","type":"page","link":"https:\/\/www.dr-frisch.at\/en\/datenschutz\/","title":{"rendered":"Datenschutz"},"content":{"rendered":"<div data-elementor-type=\"wp-page\" data-elementor-id=\"8067\" class=\"elementor elementor-8067\">\n\t\t\t\t\t\t<section class=\"elementor-section elementor-top-section elementor-element elementor-element-58e638a elementor-section-height-min-height elementor-section-boxed elementor-section-height-default elementor-section-items-middle cmsmasters-bg-hide-none cmsmasters-bg-hide-none cmsmasters-block-default\" data-id=\"58e638a\" data-element_type=\"section\" data-e-type=\"section\" data-settings=\"{&quot;background_background&quot;:&quot;classic&quot;}\">\n\t\t\t\t\t\t\t<div class=\"elementor-background-overlay\"><\/div>\n\t\t\t\t\t\t\t<div class=\"elementor-container elementor-column-gap-wide\">\n\t\t\t\t\t<div class=\"elementor-column elementor-col-100 elementor-top-column elementor-element elementor-element-8906206\" data-id=\"8906206\" data-element_type=\"column\" data-e-type=\"column\">\n\t\t\t<div class=\"elementor-widget-wrap elementor-element-populated\">\n\t\t\t\t\t\t<div class=\"elementor-element elementor-element-5a676bd cmsmasters-block-default cmsmasters-sticky-default elementor-widget elementor-widget-heading\" data-id=\"5a676bd\" data-element_type=\"widget\" data-e-type=\"widget\" data-widget_type=\"heading.default\">\n\t\t\t\t\t<h2 class=\"elementor-heading-title elementor-size-default\">Datenschutz\n&amp; Cookies<\/h2>\t\t\t\t<\/div>\n\t\t\t\t\t<\/div>\n\t\t<\/div>\n\t\t\t\t\t<\/div>\n\t\t<\/section>\n\t\t<div class=\"elementor-element elementor-element-6710546 e-flex e-con-boxed cmsmasters-block-default e-con e-parent\" data-id=\"6710546\" data-element_type=\"container\" data-e-type=\"container\">\n\t\t\t\t\t<div class=\"e-con-inner\">\n\t\t\t\t<div class=\"elementor-element elementor-element-493171b cmsmasters-block-default cmsmasters-sticky-default elementor-widget elementor-widget-text-editor\" data-id=\"493171b\" data-element_type=\"widget\" data-e-type=\"widget\" data-widget_type=\"text-editor.default\">\n\t\t\t\t\t\t\t\t\t<h1>Cookies<\/h1><p>Diese Website verwendet ausschlie\u00dflich technisch notwendige Cookies, um die grundlegende Funktion der Website sicherzustellen. Es werden keine Tracking- oder Analyse Cookies eingesetzt.<\/p>\t\t\t\t\t\t\t\t<\/div>\n\t\t\t\t<div class=\"elementor-element elementor-element-f5a023b cmsmasters-block-default cmsmasters-sticky-default elementor-widget elementor-widget-text-editor\" data-id=\"f5a023b\" data-element_type=\"widget\" data-e-type=\"widget\" data-widget_type=\"text-editor.default\">\n\t\t\t\t\t\t\t\t\t<h1>Datenschutzerkl\u00e4rung<\/h1><p><span style=\"background-color: rgba(0, 0, 0, 0);\">Wir legen gro\u00dfen Wert auf den Schutz Ihrer personenbezogenen Daten. Mit dieser Datenschutzerkl\u00e4rung informieren wir Sie gem. Art. 13 DSGVO \u00fcber die Verarbeitung der Sie betreffenden personenbezogenen Daten beim Besuch unserer Webseite<\/span>.<\/p><p><strong>Allgemeines<br \/><\/strong>Der Schutz Ihrer pers\u00f6nlichen Daten ist uns ein besonderes Anliegen. Wir verarbeiten Ihre Daten daher ausschlie\u00dflich auf Grundlage der gesetzlichen Bestimmungen (DSGCO; TKG 2003).<\/p><p><strong>Kontaktaufnahme<\/strong><br \/>Wenn sie per E-Mail oder Telefon Kontakt mit uns aufnehmen, werden Ihre angegebenen Daten zur Bearbeitung Ihre Anfrage verarbeitet und nicht an Dritte weitergegeben.<\/p><p><strong>Ihre Rechte<\/strong><br \/>Sie haben das Recht auf Auskunft, Berichtigung, L\u00f6schung, Einschr\u00e4nkung der Verarbeitung sowie Beschwerde bei der <a href=\"https:\/\/dsb.gv.at\/\">\u00f6sterreichischen Datenschutzbeh\u00f6rde<\/a>.<\/p><h2>1. Geltungsbereich und Definitionen<\/h2><h3>1.1. Geltungsbereich<\/h3><p>\u200dDiese Datenschutzerkl\u00e4rung gilt f\u00fcr die Webseite www.dr-frisch.at.<\/p><h3>1.2. Definitionen<\/h3><p><strong>Personenbezogene Daten<br \/><\/strong><span style=\"font-size: 11.0pt; line-height: 107%; font-family: 'Aptos',sans-serif; mso-ascii-theme-font: minor-latin; mso-fareast-font-family: Aptos; mso-fareast-theme-font: minor-latin; mso-hansi-theme-font: minor-latin; mso-bidi-font-family: Aptos; mso-bidi-theme-font: minor-bidi; mso-ansi-language: DE-AT; mso-fareast-language: EN-US; mso-bidi-language: AR-SA;\">Das sind alle Informationen, die sich auf eine identifizierte oder identifizierbare nat\u00fcrliche Person beziehen. Personenbezogene Daten sind Angaben \u00fcber eine bestimmte oder bestimmbare Person und damit all jene Informationen, die eine Person identifizierbar machen. Statistische Daten, die nicht direkt mit Ihrer Person in Verbindung gebracht werden k\u00f6nnen, fallen hier nicht darunter<\/span>.<\/p><p><strong>Verantwortlicher<\/strong><br \/><span style=\"font-size: 11.0pt; line-height: 107%; font-family: 'Aptos',sans-serif; mso-ascii-theme-font: minor-latin; mso-fareast-font-family: Aptos; mso-fareast-theme-font: minor-latin; mso-hansi-theme-font: minor-latin; mso-bidi-font-family: Aptos; mso-bidi-theme-font: minor-bidi; mso-ansi-language: DE-AT; mso-fareast-language: EN-US; mso-bidi-language: AR-SA;\">Jene Stelle, die \u00fcber die Zwecke und Mittel der Verarbeitung von personenbezogenen Daten entscheidet<\/span>.<\/p><p><strong>Gemeinsam Verantwortliche<\/strong><br \/><span style=\"font-size: 11.0pt; line-height: 107%; font-family: 'Aptos',sans-serif; mso-ascii-theme-font: minor-latin; mso-fareast-font-family: Aptos; mso-fareast-theme-font: minor-latin; mso-hansi-theme-font: minor-latin; mso-bidi-font-family: Aptos; mso-bidi-theme-font: minor-bidi; mso-ansi-language: DE-AT; mso-fareast-language: EN-US; mso-bidi-language: AR-SA;\">Zwei oder mehr Verantwortliche legen gemeinsam die Zwecke und die Mittel der Verarbeitung fest<\/span>.<\/p><p><strong>Auftragsverarbeiter<\/strong><br \/><span style=\"font-size: 11.0pt; line-height: 107%; font-family: 'Aptos',sans-serif; mso-ascii-theme-font: minor-latin; mso-fareast-font-family: Aptos; mso-fareast-theme-font: minor-latin; mso-hansi-theme-font: minor-latin; mso-bidi-font-family: Aptos; mso-bidi-theme-font: minor-bidi; mso-ansi-language: DE-AT; mso-fareast-language: EN-US; mso-bidi-language: AR-SA;\">Ein Auftragsverarbeiter ist eine nat\u00fcrliche oder juristische Person, Beh\u00f6rde oder Einrichtung oder andere Stelle, die personenbezogene Daten im Auftrag von uns verarbeitet<\/span>.<\/p><p><strong>Drittland<\/strong><br \/><span style=\"font-size: 11.0pt; line-height: 107%; font-family: 'Aptos',sans-serif; mso-ascii-theme-font: minor-latin; mso-fareast-font-family: Aptos; mso-fareast-theme-font: minor-latin; mso-hansi-theme-font: minor-latin; mso-bidi-font-family: Aptos; mso-bidi-theme-font: minor-bidi; mso-ansi-language: DE-AT; mso-fareast-language: EN-US; mso-bidi-language: AR-SA;\">All jene Staaten, die nicht dem Staatenbund der Europ\u00e4ischen Union (EU) oder dem europ\u00e4ischen Wirtschaftsraum (EWR) angeh\u00f6ren<\/span>.<\/p><p><strong>Social Plugins<\/strong><br \/><span style=\"font-size: 11.0pt; line-height: 107%; font-family: 'Aptos',sans-serif; mso-ascii-theme-font: minor-latin; mso-fareast-font-family: Aptos; mso-fareast-theme-font: minor-latin; mso-hansi-theme-font: minor-latin; mso-bidi-font-family: Aptos; mso-bidi-theme-font: minor-bidi; mso-ansi-language: DE-AT; mso-fareast-language: EN-US; mso-bidi-language: AR-SA;\">Social Plugins sind eine Form des Marketings, bei der eine Webseite mit einem sozialen Netzwerk verbunden wird. Damit k\u00f6nnen neue Besucher f\u00fcr die Webseite des Werbenden generiert werden<\/span>.<\/p><p><strong>Datenverarbeitung<\/strong><br \/><span style=\"font-size: 11.0pt; line-height: 107%; font-family: 'Aptos',sans-serif; mso-ascii-theme-font: minor-latin; mso-fareast-font-family: Aptos; mso-fareast-theme-font: minor-latin; mso-hansi-theme-font: minor-latin; mso-bidi-font-family: Aptos; mso-bidi-theme-font: minor-bidi; mso-ansi-language: DE-AT; mso-fareast-language: EN-US; mso-bidi-language: AR-SA;\">Jeder mit oder ohne Hilfe automatisierter Verfahren ausgef\u00fchrter Vorgang, wie Erheben, Erfassen, Organisation, Ordnen, Speichern, Anpassen, Ver\u00e4ndern, Auslesen, Abfragen, Verwendung, Offenlegung<\/span>.<\/p><p><strong>Cookies<\/strong><br \/><span style=\"font-size: 11.0pt; line-height: 107%; font-family: 'Aptos',sans-serif; mso-ascii-theme-font: minor-latin; mso-fareast-font-family: Aptos; mso-fareast-theme-font: minor-latin; mso-hansi-theme-font: minor-latin; mso-bidi-font-family: Aptos; mso-bidi-theme-font: minor-bidi; mso-ansi-language: DE-AT; mso-fareast-language: EN-US; mso-bidi-language: AR-SA;\">Cookies sind kleine Textdateien, die beim Besuch bestimmter Webseiten auf Ihrem Computer gespeichert werden und dem Webserver erm\u00f6glichen einen Webseitenbesucher wiederzuerkennen. Man kann Cookies in \u00abSitzungscookies\u00bb und \u00abPersistente Cookies\u00bb einteilen. Als Sitzungscookies versteht man all jene Cookies, die mit Schlie\u00dfen einer Sitzung erl\u00f6schen, das hei\u00dft diese werden nur f\u00fcr die Dauer der Sitzung gespeichert. Persistente Cookies hingegen speichern die gesammelten Informationen \u00fcber einen l\u00e4ngeren Zeitraum. Cookies k\u00f6nnen von Anbietern der Webseite aber auch von Dritten gesetzt werden<\/span>.<\/p><h2>2. Welche personenbezogenen Daten werden verarbeitet? Art und Zweck der Verwendung?<\/h2><p><strong>Beschreibung und Umfang der Datenverarbeitung<\/strong><br \/>Bei jedem Aufruf unserer Webseite erfasst der Webserver automatisiert Informationen vom System des aufrufenden Rechners bzw. dem Endger\u00e4t des Webseitennutzers. F\u00fcr das Hosting der Webseite der Kieferorthop\u00e4die Dr. Frisch ist die Software \u201eWordpress\u201c im Einsatz.<\/p><p><strong>Folgende Daten werden dabei erhoben<br \/><\/strong>&#8211; IP-Adresse<br \/>&#8211; Datum und Uhrzeit des Webseiten- oder Feature-Zugriffs<br \/>&#8211; HTTP-Request<br \/>&#8211; HTTP-Referrer<br \/>&#8211; Zeichenfolge des Benutzeragenten, die den Browser oder das Betriebssystem gegen\u00fcber dem Server identifiziert<\/p><p><strong>Zweck der Verarbeitung<\/strong><br \/>Die vor\u00fcbergehende Speicherung der IP-Adresse des Nutzers ist notwendig, um eine Auslieferung der Webseite an den Rechner des Nutzers zu erm\u00f6glichen. Hierf\u00fcr muss die IP-Adresse des Nutzers zwangsl\u00e4ufig f\u00fcr die Dauer der Nutzung gespeichert werden. Die Speicherung der oben genannten Daten in den Log-Files erfolgt, um die Funktionsf\u00e4higkeit unserer Webseite sicherzustellen. Zudem dienen diese Daten zur Optimierung der Webseite. Eine Auswertung der Daten zu Marketingzwecken durch die Kieferorthop\u00e4die Dr. Frisch findet ausdr\u00fccklich nicht statt.<\/p><p><strong>Rechtsgrundlage f\u00fcr die Datenverarbeitung<\/strong><br \/>Rechtsgrundlage f\u00fcr die Verarbeitung Ihrer personenbezogenen Daten ist Art. 6 Abs. 1 lit. f DSGVO (berechtigtes Interesse). Das berechtigte Interesse ist die Bereitstellung von technischen Diensten beim Aufruf der Webseite, sowie die Optimierung des Webauftrittes f\u00fcr Webseitenbesucher.<\/p><p><strong>Dauer der Speicherung<\/strong><br \/>Die Verarbeitung Ihrer personenbezogenen Daten erfolgt nur solange als sie f\u00fcr die Erreichung des Zweckes erforderlich ist. Eine dar\u00fcberhinausgehende Speicherung erfolgt durch die Kieferorthop\u00e4die Dr. Frisch ausdr\u00fccklich nicht.<\/p><h2>3. Wie lange werden Ihre personenbezogenen Daten gespeichert?<\/h2><p>Sofern sich unter Punkt 2. nichts anders ergibt, werden Ihre personenbezogenen Daten nur solange dies zur Erreichung des damit verbundenen Zwecks erforderlich und soweit damit eine gesetzliche oder vertragliche Aufbewahrungsfrist verbunden ist gespeichert. Daten, die wir aufgrund einer von Ihnen erteilten Einwilligung erhalten haben, l\u00f6schen wir sp\u00e4testens nach dem Widerruf Ihrer Einwilligung.<\/p><h2>4. Erfolgt die Verarbeitung mit Hilfe von Auftragsdatenverarbeitern?<\/h2><p>F\u00fcr den Betrieb unserer Webseite arbeiten wir mit Auftragsverarbeitern zusammen. Diese werden mit gr\u00f6\u00dftm\u00f6glicher Sorgfalt ausgew\u00e4hlt. Die Einhaltung der datenschutzrechtlichen Anforderungen wird durch den Abschluss eines Vertrages \u00fcber die Auftragsverarbeitung sichergestellt. Im Zusammenhang mit dem Betrieb unserer Webseite ist dies<br \/>&#8211; Hetzner Online GmbH (Serverhosting)<br \/>&#8211; Softdent GmbH (Terminplanung)<\/p><h2>5. Cookies<\/h2><p>\u200dUnsere Webseite verwendet ausschlie\u00dflich notwendige Cookies. Notwendige Cookies sind erforderlich, um bestimmte Kernfunktionen bereit zu stellen, andernfalls die Webseite nicht ordnungsgem\u00e4\u00df funktioniert.<\/p><h2>\u200d6. Datentransfer in Drittl\u00e4nder<\/h2><p>Wir \u00fcbermitteln bewusst keine personenbezogenen Daten in Drittl\u00e4nder.<\/p><h2>\u200d7. Social Plugins<\/h2><p>Auf die Verwendung von Social Plugins wird bewusst verzichtet.<\/p><h2>8. Webanalyse Tools<\/h2><p>Auf den Einsatz von Webanalyse Tools wird bewusst verzichtet.<\/p><h2>9. Datensicherheit<\/h2><p>\u200d\u200dF\u00fcr die Sicherheit bei der Verarbeitung von personenbezogenen Daten werden technische und organisatorische Ma\u00dfnahmen zur Wahrung der Datensicherheit getroffen und st\u00e4ndig verbessert.<\/p><h2>10. Externe Verlinkungen<\/h2><p>Auf unserer Webseite finden sich Verlinkungen zu anderen Webseiten. Auf den Inhalt und die Datenschutzbestimmungen dieser Webseiten haben wir keinen Einfluss und keine Kontrolle. Vor dem Abruf der Verlinkungen wird die Pr\u00fcfung der Datenschutzbestimmungen dieser Webseiten empfohlen.<\/p><h2>11. Automatische Entscheidungsfindung und Profiling<\/h2><p>Automatische Entscheidungsfindung oder Profiling finden bewusst nicht statt.<\/p><h2>12. Ihre Rechte im Datenschutz<\/h2><p><strong>Auskunftsrecht gem. Art. 15 DSGVO<\/strong><br \/>Sie k\u00f6nnen jederzeit eine Best\u00e4tigung verlangen, ob Sie betreffende personenbezogene Daten verarbeitet werden.<\/p><p><strong>Berichtigungsrecht gem. Art. 16 DSGVO<\/strong><br \/>Sie k\u00f6nnen unverz\u00fcglich die Berichtigung Sie betreffender unrichtiger personenbezogener Daten verlangen. Dieses Recht umfasst auch je nach Zweck, die Vervollst\u00e4ndigung unvollst\u00e4ndiger personenbezogener Daten.<\/p><p><strong>Recht auf L\u00f6schung gem. Art. 17 DSGVO<\/strong><br \/>Wenn die von Ihnen oben genannten personenbezogenen Daten f\u00fcr den Zweck der Verarbeitung nicht mehr notwendig sind, die von Ihnen erteilte Einwilligung zur Verarbeitung widerrufen wird und kein sonstiger Grund zur weiteren Verarbeitung vorliegt, k\u00f6nnen Sie von Ihrem Recht auf L\u00f6schung Gebrauch machen.<\/p><p><strong>Einschr\u00e4nkung der Verarbeitung gem. Art. 18 DSGVO<\/strong><br \/>Wenn Sie die Richtigkeit der von Ihnen verarbeiteten personenbezogenen Daten bestreiten und\/oder die Verarbeitung unrechtm\u00e4\u00dfig erfolgt, k\u00f6nnen Sie die Einschr\u00e4nkung der Verarbeitung zu verlangen.<\/p><p><strong>Daten\u00fcbertragbarkeit gem. Art. 20 DSGVO<\/strong><br \/>Sie k\u00f6nnen verlangen, dass die von Ihnen bereitgestellten Daten in einem strukturierten, g\u00e4ngigen und maschinenlesbaren Format, einem anderen Verantwortlichen zu \u00fcbermitteln sind.<\/p><p><strong>Widerspruchsrecht gem. Art. 21 DSGVO<\/strong><br \/>Sie haben das Recht, aus Gr\u00fcnden, die sich aus Ihrer besonderen Situation ergeben, jederzeit gegen die Verarbeitung Sie betreffender personenbezogener Daten, die aufgrund von Art. 6 Abs. 1 lit. f DSGVO (berechtigtes Interesse) erfolgt, Widerspruch einzulegen. Wenn Sie Widerspruch einlegen, wird die Kieferorthop\u00e4die Dr. Frisch Ihre personenbezogenen Daten nicht mehr verarbeiten, es sei denn, die Kieferorthop\u00e4die Dr. Frisch kann zwingende berechtigte Gr\u00fcnde f\u00fcr die Bearbeitung nachweisen, die Ihre Interessen, Rechte und Freiheiten \u00fcberwiegen, oder wenn die Verarbeitung der Geltendmachung, Aus\u00fcbung oder Verteidigung von Rechtsanspr\u00fcchen dient. Wenn die Verarbeitung Ihrer personenbezogenen Daten im \u00f6ffentlichen Interesse oder zur Wahrung der berechtigten Interessen des Verantwortlichen oder eines Dritten erfolgt, k\u00f6nnen Sie jederzeit Widerspruch per Post unter der Anschrift an Kieferorthop\u00e4die Dr. Frisch, Innstra\u00dfe 7, 6020 Innsbruck \u200deinlegen.<\/p><p><strong>Widerruf der Einwilligung gem. Art. 7 DSGVO<\/strong><br \/>\u200d\u200dEine von Ihnen erteilte Einwilligung k\u00f6nnen Sie jederzeit, ohne Angabe von Gr\u00fcnden, schriftlich per Postschreiben an Kieferorthop\u00e4die Dr. Frisch, Innstra\u00dfe 7, 6020 Innsbruck oder per E-Mail an praxis@dr-frisch.at \u2013 jedenfalls aber formfrei \u2013 widerrufen. Die Rechtm\u00e4\u00dfigkeit der Verarbeitung Ihrer personenbezogenen Daten, die aufgrund der Einwilligung bis zum Zeitpunkt des Widerrufs verarbeitet wurden, wird durch den Widerruf nicht ber\u00fchrt.<\/p><p><strong>\u200dBeschwerderecht gem. Art. 77 DSGVO<\/strong><br \/>\u200d\u200dWenn Sie der Ansicht sind, dass die Verarbeitung der Sie betreffenden personenbezogenen Daten gegengesetzliche Bestimmungen verst\u00f6\u00dft, haben Sie das Recht Beschwerde bei Ihrer \u00f6rtlichen Aufsichtsbeh\u00f6rde einzulegen. Die zust\u00e4ndige Beh\u00f6rde finden Sie <a href=\"https:\/\/ec.europa.eu\/justice\/article-29\/structure\/data-protection-authorities\/index_en.htm\">here<\/a> gelistet.<\/p>\t\t\t\t\t\t\t\t<\/div>\n\t\t\t\t\t<\/div>\n\t\t\t\t<\/div>\n\t\t\t\t<\/div>","protected":false},"excerpt":{"rendered":"<p>Datenschutz &amp; Cookies Cookies Diese Website verwendet ausschlie\u00dflich technisch notwendige Cookies, um die grundlegende Funktion der Website sicherzustellen. Es werden keine Tracking- oder Analyse Cookies eingesetzt. Datenschutzerkl\u00e4rung Wir legen gro\u00dfen Wert auf den Schutz Ihrer personenbezogenen Daten. Mit dieser Datenschutzerkl\u00e4rung informieren wir Sie gem. Art. 13 DSGVO \u00fcber die Verarbeitung der Sie betreffenden personenbezogenen Daten&#8230;<\/p>","protected":false},"author":4,"featured_media":0,"parent":0,"menu_order":0,"comment_status":"closed","ping_status":"closed","template":"","meta":{"footnotes":""},"class_list":["post-8067","page","type-page","status-publish","hentry"],"aioseo_notices":[],"_links":{"self":[{"href":"https:\/\/www.dr-frisch.at\/en\/wp-json\/wp\/v2\/pages\/8067","targetHints":{"allow":["GET"]}}],"collection":[{"href":"https:\/\/www.dr-frisch.at\/en\/wp-json\/wp\/v2\/pages"}],"about":[{"href":"https:\/\/www.dr-frisch.at\/en\/wp-json\/wp\/v2\/types\/page"}],"author":[{"embeddable":true,"href":"https:\/\/www.dr-frisch.at\/en\/wp-json\/wp\/v2\/users\/4"}],"replies":[{"embeddable":true,"href":"https:\/\/www.dr-frisch.at\/en\/wp-json\/wp\/v2\/comments?post=8067"}],"version-history":[{"count":79,"href":"https:\/\/www.dr-frisch.at\/en\/wp-json\/wp\/v2\/pages\/8067\/revisions"}],"predecessor-version":[{"id":9322,"href":"https:\/\/www.dr-frisch.at\/en\/wp-json\/wp\/v2\/pages\/8067\/revisions\/9322"}],"wp:attachment":[{"href":"https:\/\/www.dr-frisch.at\/en\/wp-json\/wp\/v2\/media?parent=8067"}],"curies":[{"name":"wp","href":"https:\/\/api.w.org\/{rel}","templated":true}]}}