{"id":7201,"date":"2026-03-06T08:00:16","date_gmt":"2026-03-06T08:00:16","guid":{"rendered":"https:\/\/www.dr-frisch.at\/?page_id=7201"},"modified":"2026-04-28T20:55:20","modified_gmt":"2026-04-28T20:55:20","slug":"kosten","status":"publish","type":"page","link":"https:\/\/www.dr-frisch.at\/en\/kosten\/","title":{"rendered":"Cost"},"content":{"rendered":"\t\t<div data-elementor-type=\"wp-page\" data-elementor-id=\"7201\" class=\"elementor elementor-7201\">\n\t\t\t\t\t\t<section class=\"elementor-section elementor-top-section elementor-element elementor-element-9c14cd5 elementor-section-height-min-height elementor-section-boxed elementor-section-height-default elementor-section-items-middle cmsmasters-bg-hide-none cmsmasters-bg-hide-none cmsmasters-block-default\" data-id=\"9c14cd5\" data-element_type=\"section\" data-e-type=\"section\" data-settings=\"{&quot;background_background&quot;:&quot;classic&quot;}\">\n\t\t\t\t\t\t\t<div class=\"elementor-background-overlay\"><\/div>\n\t\t\t\t\t\t\t<div class=\"elementor-container elementor-column-gap-wide\">\n\t\t\t\t\t<div class=\"elementor-column elementor-col-100 elementor-top-column elementor-element elementor-element-1ee3be6\" data-id=\"1ee3be6\" data-element_type=\"column\" data-e-type=\"column\">\n\t\t\t<div class=\"elementor-widget-wrap elementor-element-populated\">\n\t\t\t\t\t\t<div class=\"elementor-element elementor-element-2bfc7f5 cmsmasters-block-default cmsmasters-sticky-default elementor-widget elementor-widget-heading\" data-id=\"2bfc7f5\" data-element_type=\"widget\" data-e-type=\"widget\" data-widget_type=\"heading.default\">\n\t\t\t\t\t<h1 class=\"elementor-heading-title elementor-size-default\">Kosten<\/h1>\t\t\t\t<\/div>\n\t\t\t\t<div class=\"elementor-element elementor-element-a0b6cd2 cmsmasters-block-default cmsmasters-sticky-default elementor-widget elementor-widget-text-editor\" data-id=\"a0b6cd2\" data-element_type=\"widget\" data-e-type=\"widget\" data-widget_type=\"text-editor.default\">\n\t\t\t\t\t\t\t\t\t<p>Uns ist wichtig, dass Sie von Anfang an wissen, welche Kosten auf Sie zukommen. Wir beraten Sie ausf\u00fchrlich zu Behandlungsoptionen, Kostenpl\u00e4nen und m\u00f6glichen Erstattungen durch Krankenkassen.<\/p>\t\t\t\t\t\t\t\t<\/div>\n\t\t\t\t\t<\/div>\n\t\t<\/div>\n\t\t\t\t\t<\/div>\n\t\t<\/section>\n\t\t\t\t<section class=\"elementor-section elementor-top-section elementor-element elementor-element-bb972bf elementor-section-boxed elementor-section-height-default elementor-section-height-default cmsmasters-block-default\" data-id=\"bb972bf\" data-element_type=\"section\" data-e-type=\"section\">\n\t\t\t\t\t\t<div class=\"elementor-container elementor-column-gap-wide\">\n\t\t\t\t\t<div class=\"elementor-column elementor-col-100 elementor-top-column elementor-element elementor-element-09a612a\" data-id=\"09a612a\" data-element_type=\"column\" data-e-type=\"column\">\n\t\t\t<div class=\"elementor-widget-wrap elementor-element-populated\">\n\t\t\t\t\t\t<div class=\"elementor-element elementor-element-1fe3282 elementor-widget__width-initial elementor-absolute elementor-widget-mobile__width-initial cmsmasters-effect cmsmasters-effect-type-transform cmsmasters-effect-hover-type-element cmsmasters-block-default cmsmasters-sticky-default elementor-invisible elementor-widget elementor-widget-image\" data-id=\"1fe3282\" data-element_type=\"widget\" data-e-type=\"widget\" data-settings=\"{&quot;_position&quot;:&quot;absolute&quot;,&quot;_animation&quot;:&quot;fadeInDown&quot;,&quot;_animation_delay&quot;:1000,&quot;cms_transform_hover_type&quot;:&quot;element&quot;}\" data-widget_type=\"image.default\">\n\t\t\t\t\t<style>.elementor-element-1fe3282{display:none !important}<\/style>\t\t\t\t<\/div>\n\t\t\t\t<div class=\"elementor-element elementor-element-49cf5e7 elementor-widget__width-initial elementor-absolute elementor-widget-mobile__width-initial cmsmasters-effect cmsmasters-effect-type-transform cmsmasters-effect-hover-type-element cmsmasters-block-default cmsmasters-sticky-default elementor-invisible elementor-widget elementor-widget-image\" data-id=\"49cf5e7\" data-element_type=\"widget\" data-e-type=\"widget\" data-settings=\"{&quot;_position&quot;:&quot;absolute&quot;,&quot;_animation&quot;:&quot;fadeInDown&quot;,&quot;_animation_delay&quot;:1000,&quot;cms_transform_hover_type&quot;:&quot;element&quot;}\" data-widget_type=\"image.default\">\n\t\t\t\t\t\t\t\t\t\t\t\t\t\t\t<img decoding=\"async\" width=\"218\" height=\"218\" src=\"https:\/\/www.dr-frisch.at\/wp-content\/uploads\/2026\/02\/Erstattung-80-ENG.svg\" class=\"attachment-large size-large wp-image-8379\" alt=\"\" \/>\t\t\t\t\t\t\t\t\t\t\t\t\t\t\t<\/div>\n\t\t\t\t<div class=\"elementor-element elementor-element-a252222 cmsmasters-block-default cmsmasters-sticky-default elementor-widget elementor-widget-heading\" data-id=\"a252222\" data-element_type=\"widget\" data-e-type=\"widget\" data-widget_type=\"heading.default\">\n\t\t\t\t\t<h6 class=\"elementor-heading-title elementor-size-default\">WAs kostet mich das?<\/h6>\t\t\t\t<\/div>\n\t\t\t\t<div class=\"elementor-element elementor-element-e65e2a9 elementor-widget__width-initial cmsmasters-block-default cmsmasters-sticky-default elementor-widget elementor-widget-heading\" data-id=\"e65e2a9\" data-element_type=\"widget\" data-e-type=\"widget\" data-widget_type=\"heading.default\">\n\t\t\t\t\t<h2 class=\"elementor-heading-title elementor-size-default\">Kosten und Finanzierung im \u00dcberblick<\/h2>\t\t\t\t<\/div>\n\t\t\t\t<div class=\"elementor-element elementor-element-fad6c37 cmsmasters-block-default cmsmasters-sticky-default elementor-widget elementor-widget-text-editor\" data-id=\"fad6c37\" data-element_type=\"widget\" data-e-type=\"widget\" data-widget_type=\"text-editor.default\">\n\t\t\t\t\t\t\t\t\t<p>F\u00fcr Jugendliche unter 18 Jahren gibt es bei schwerwiegenden Zahnfehlstellungen erh\u00f6hte Zusch\u00fcsse von den Krankenkassen. Wir sind eine zertifizierte Wahlzahnarztpraxis. Somit werden nach Bewilligung der Behandlung und mit bezahlter Rechnung <strong>80%<\/strong> des Kassentarifes erstattet.\u00a0<\/p><p>Die\u00a0Behandlungskosten h\u00e4ngen von der Dauer der Behandlung und dem notwendigen Materialaufwand ab. Dabei halte ich mich an die autonome Honorarrichtlinie der \u00f6sterreichischen Zahn\u00e4rztekammer (<a href=\"https:\/\/www.zahnaerztekammer.at\/fileadmin\/content\/shared\/infocenter\/amtliche_mitteilungen\/VO_OEZAEK\/AHR_2025.pdf\" target=\"_blank\" rel=\"noopener\">hier<\/a>).<\/p><p>In einem unverbindlichen Beratungsgespr\u00e4ch informiere ich Sie gerne \u00fcber die Notwendigkeit einer Behandlung. Wir besprechen die unterschiedlichen Therapieoptionen und Kosten.<\/p>\t\t\t\t\t\t\t\t<\/div>\n\t\t\t\t<div class=\"elementor-element elementor-element-1cecfb9 cmsmasters-button-align-center cmsmasters-block-default cmsmasters-sticky-default elementor-widget elementor-widget-cmsmasters-button\" data-id=\"1cecfb9\" data-element_type=\"widget\" data-e-type=\"widget\" data-widget_type=\"cmsmasters-button.default\">\n\t\t\t\t\t<div class=\"elementor-widget-cmsmasters-button__button-container\"><div class=\"elementor-widget-cmsmasters-button__button-container-inner\"><a href=\"https:\/\/termine.softdent.at\/dr-frisch\" class=\"cmsmasters-button-link elementor-widget-cmsmasters-button__button cmsmasters-icon-view- cmsmasters-icon-shape- cmsmasters-button-size-sm elementor-animation-sink\" role=\"button\" tabindex=\"0\"><span class=\"elementor-widget-cmsmasters-button__content-wrapper cmsmasters-align-icon-\"><span class=\"elementor-widget-cmsmasters-button__text\">Termin vereinbaren<\/span><\/span><\/a><\/div><\/div>\t\t\t\t<\/div>\n\t\t\t\t\t<\/div>\n\t\t<\/div>\n\t\t\t\t\t<\/div>\n\t\t<\/section>\n\t\t\t\t<section class=\"elementor-section elementor-top-section elementor-element elementor-element-365b173 elementor-section-height-min-height elementor-section-items-top elementor-reverse-tablet elementor-reverse-mobile elementor-section-boxed elementor-section-height-default cmsmasters-block-default\" data-id=\"365b173\" data-element_type=\"section\" data-e-type=\"section\" data-settings=\"{&quot;background_background&quot;:&quot;classic&quot;}\">\n\t\t\t\t\t\t<div class=\"elementor-container elementor-column-gap-wide\">\n\t\t\t\t\t<div class=\"elementor-column elementor-col-50 elementor-top-column elementor-element elementor-element-8d35322\" data-id=\"8d35322\" data-element_type=\"column\" data-e-type=\"column\">\n\t\t\t<div class=\"elementor-widget-wrap elementor-element-populated\">\n\t\t\t\t\t\t<div class=\"elementor-element elementor-element-0f53570 cmsmasters-block-default cmsmasters-sticky-default elementor-widget elementor-widget-image\" data-id=\"0f53570\" data-element_type=\"widget\" data-e-type=\"widget\" data-widget_type=\"image.default\">\n\t\t\t\t\t\t\t\t\t\t\t\t\t\t\t<img fetchpriority=\"high\" decoding=\"async\" width=\"440\" height=\"560\" src=\"https:\/\/www.dr-frisch.at\/wp-content\/uploads\/2026\/01\/SFrisch_Kirsche_440x560.jpg\" class=\"attachment-large size-large wp-image-7247\" alt=\"\" srcset=\"https:\/\/www.dr-frisch.at\/wp-content\/uploads\/2026\/01\/SFrisch_Kirsche_440x560.jpg 440w, https:\/\/www.dr-frisch.at\/wp-content\/uploads\/2026\/01\/SFrisch_Kirsche_440x560-236x300.jpg 236w\" sizes=\"(max-width: 440px) 100vw, 440px\" \/>\t\t\t\t\t\t\t\t\t\t\t\t\t\t\t<\/div>\n\t\t\t\t<div class=\"elementor-element elementor-element-4b3e8dc elementor-widget__width-initial elementor-absolute cmsmasters-effect cmsmasters-effect-type-scroll cmsmasters-block-default cmsmasters-sticky-default elementor-widget elementor-widget-image\" data-id=\"4b3e8dc\" data-element_type=\"widget\" data-e-type=\"widget\" data-settings=\"{&quot;_position&quot;:&quot;absolute&quot;,&quot;cms_scroll_effects&quot;:[&quot;vertical&quot;],&quot;cms_scroll_vertical&quot;:&quot;yes&quot;,&quot;cms_scroll_vertical_speed&quot;:{&quot;unit&quot;:&quot;px&quot;,&quot;size&quot;:4,&quot;sizes&quot;:[]},&quot;cms_scroll_vertical_direction&quot;:&quot;default&quot;,&quot;cms_scroll_vertical_timing&quot;:&quot;linear&quot;,&quot;cms_scroll_viewport&quot;:{&quot;unit&quot;:&quot;%&quot;,&quot;size&quot;:&quot;&quot;,&quot;sizes&quot;:{&quot;start&quot;:0,&quot;end&quot;:100}},&quot;cms_scroll_range&quot;:&quot;viewport&quot;,&quot;cms_scroll_devices&quot;:[&quot;desktop&quot;,&quot;tablet&quot;,&quot;mobile&quot;]}\" data-widget_type=\"image.default\">\n\t\t\t\t\t\t\t\t\t\t\t\t\t\t\t<img decoding=\"async\" width=\"280\" height=\"280\" src=\"https:\/\/www.dr-frisch.at\/wp-content\/uploads\/2026\/01\/SFrisch_Gurke_280x280.jpg\" class=\"attachment-large size-large wp-image-7249\" alt=\"\" srcset=\"https:\/\/www.dr-frisch.at\/wp-content\/uploads\/2026\/01\/SFrisch_Gurke_280x280.jpg 280w, https:\/\/www.dr-frisch.at\/wp-content\/uploads\/2026\/01\/SFrisch_Gurke_280x280-100x100.jpg 100w, https:\/\/www.dr-frisch.at\/wp-content\/uploads\/2026\/01\/SFrisch_Gurke_280x280-150x150.jpg 150w, https:\/\/www.dr-frisch.at\/wp-content\/uploads\/2026\/01\/SFrisch_Gurke_280x280-260x260.jpg 260w\" sizes=\"(max-width: 280px) 100vw, 280px\" \/>\t\t\t\t\t\t\t\t\t\t\t\t\t\t\t<\/div>\n\t\t\t\t\t<\/div>\n\t\t<\/div>\n\t\t\t\t<div class=\"elementor-column elementor-col-50 elementor-top-column elementor-element elementor-element-e4eab98\" data-id=\"e4eab98\" data-element_type=\"column\" data-e-type=\"column\">\n\t\t\t<div class=\"elementor-widget-wrap elementor-element-populated\">\n\t\t\t\t\t\t<div class=\"elementor-element elementor-element-fff4d3f cmsmasters-block-default cmsmasters-sticky-default elementor-widget elementor-widget-menu-anchor\" data-id=\"fff4d3f\" data-element_type=\"widget\" data-e-type=\"widget\" data-widget_type=\"menu-anchor.default\">\n\t\t\t\t\t\t\t<div class=\"elementor-menu-anchor\" id=\"about\"><\/div>\n\t\t\t\t\t\t<\/div>\n\t\t\t\t<div class=\"elementor-element elementor-element-2546027 cmsmasters-block-default cmsmasters-sticky-default elementor-widget elementor-widget-heading\" data-id=\"2546027\" data-element_type=\"widget\" data-e-type=\"widget\" data-widget_type=\"heading.default\">\n\t\t\t\t\t<h6 class=\"elementor-heading-title elementor-size-default\">Von der Beratung bis zum Ergebnis<\/h6>\t\t\t\t<\/div>\n\t\t\t\t<div class=\"elementor-element elementor-element-10e6f39 cmsmasters-block-default cmsmasters-sticky-default elementor-widget elementor-widget-heading\" data-id=\"10e6f39\" data-element_type=\"widget\" data-e-type=\"widget\" data-widget_type=\"heading.default\">\n\t\t\t\t\t<h2 class=\"elementor-heading-title elementor-size-default\">Gesunde und sch\u00f6ne Z\u00e4hne<\/h2>\t\t\t\t<\/div>\n\t\t\t\t<div class=\"elementor-element elementor-element-630c10a cmsmasters-block-default cmsmasters-sticky-default elementor-widget elementor-widget-heading\" data-id=\"630c10a\" data-element_type=\"widget\" data-e-type=\"widget\" data-widget_type=\"heading.default\">\n\t\t\t\t\t<p class=\"elementor-heading-title elementor-size-default\">Von der ersten Beratung bis zum Abschluss der Behandlung begleiten wir Sie Schritt f\u00fcr Schritt. Erfahren Sie, wie der Ablauf aussieht und was Sie w\u00e4hrend der kieferorthop\u00e4dischen Behandlung bei uns erwartet.<\/p>\t\t\t\t<\/div>\n\t\t\t\t<div class=\"elementor-element elementor-element-f56b990 cmsmasters-block-default cmsmasters-sticky-default elementor-widget elementor-widget-spacer\" data-id=\"f56b990\" data-element_type=\"widget\" data-e-type=\"widget\" data-widget_type=\"spacer.default\">\n\t\t\t\t\t\t\t<div class=\"elementor-spacer\">\n\t\t\t<div class=\"elementor-spacer-inner\"><\/div>\n\t\t<\/div>\n\t\t\t\t\t\t<\/div>\n\t\t\t\t<div class=\"elementor-element elementor-element-a9f7a27 cmsmasters-button-align-right cmsmasters-button-mobile-align-center cmsmasters-block-default cmsmasters-sticky-default elementor-widget elementor-widget-cmsmasters-button\" data-id=\"a9f7a27\" data-element_type=\"widget\" data-e-type=\"widget\" data-widget_type=\"cmsmasters-button.default\">\n\t\t\t\t\t<div class=\"elementor-widget-cmsmasters-button__button-container\"><div class=\"elementor-widget-cmsmasters-button__button-container-inner\"><a href=\"https:\/\/www.dr-frisch.at\/behandlung\/\" class=\"cmsmasters-button-link elementor-widget-cmsmasters-button__button cmsmasters-icon-view- cmsmasters-icon-shape- cmsmasters-button-size-sm elementor-animation-sink\" role=\"button\" tabindex=\"0\"><span class=\"elementor-widget-cmsmasters-button__content-wrapper cmsmasters-align-icon-\"><span class=\"elementor-widget-cmsmasters-button__text\">Alles zum Behandlungsablauf<\/span><\/span><\/a><\/div><\/div>\t\t\t\t<\/div>\n\t\t\t\t\t<\/div>\n\t\t<\/div>\n\t\t\t\t\t<\/div>\n\t\t<\/section>\n\t\t\t\t<\/div>\n\t\t","protected":false},"excerpt":{"rendered":"<p>Kosten Uns ist wichtig, dass Sie von Anfang an wissen, welche Kosten auf Sie zukommen. Wir beraten Sie ausf\u00fchrlich zu Behandlungsoptionen, Kostenpl\u00e4nen und m\u00f6glichen Erstattungen durch Krankenkassen. WAs kostet mich das? Kosten und Finanzierung im \u00dcberblick F\u00fcr Jugendliche unter 18 Jahren gibt es bei schwerwiegenden Zahnfehlstellungen erh\u00f6hte Zusch\u00fcsse von den Krankenkassen. Wir sind eine zertifizierte&#8230;<\/p>","protected":false},"author":4,"featured_media":0,"parent":0,"menu_order":0,"comment_status":"closed","ping_status":"closed","template":"","meta":{"footnotes":""},"class_list":["post-7201","page","type-page","status-publish","hentry"],"aioseo_notices":[],"_links":{"self":[{"href":"https:\/\/www.dr-frisch.at\/en\/wp-json\/wp\/v2\/pages\/7201","targetHints":{"allow":["GET"]}}],"collection":[{"href":"https:\/\/www.dr-frisch.at\/en\/wp-json\/wp\/v2\/pages"}],"about":[{"href":"https:\/\/www.dr-frisch.at\/en\/wp-json\/wp\/v2\/types\/page"}],"author":[{"embeddable":true,"href":"https:\/\/www.dr-frisch.at\/en\/wp-json\/wp\/v2\/users\/4"}],"replies":[{"embeddable":true,"href":"https:\/\/www.dr-frisch.at\/en\/wp-json\/wp\/v2\/comments?post=7201"}],"version-history":[{"count":97,"href":"https:\/\/www.dr-frisch.at\/en\/wp-json\/wp\/v2\/pages\/7201\/revisions"}],"predecessor-version":[{"id":9291,"href":"https:\/\/www.dr-frisch.at\/en\/wp-json\/wp\/v2\/pages\/7201\/revisions\/9291"}],"wp:attachment":[{"href":"https:\/\/www.dr-frisch.at\/en\/wp-json\/wp\/v2\/media?parent=7201"}],"curies":[{"name":"wp","href":"https:\/\/api.w.org\/{rel}","templated":true}]}}