{"id":3,"date":"2026-03-06T08:00:40","date_gmt":"2026-03-06T08:00:40","guid":{"rendered":"https:\/\/www.dr-frisch.at\/?page_id=3"},"modified":"2026-04-05T19:49:51","modified_gmt":"2026-04-05T19:49:51","slug":"impressum","status":"publish","type":"page","link":"https:\/\/www.dr-frisch.at\/en\/impressum\/","title":{"rendered":"Imprint"},"content":{"rendered":"<div data-elementor-type=\"wp-page\" data-elementor-id=\"3\" class=\"elementor elementor-3\">\n\t\t\t\t\t\t<section class=\"elementor-section elementor-top-section elementor-element elementor-element-2a803ae elementor-section-height-min-height elementor-section-boxed elementor-section-height-default elementor-section-items-middle cmsmasters-bg-hide-none cmsmasters-bg-hide-none cmsmasters-block-default\" data-id=\"2a803ae\" data-element_type=\"section\" data-e-type=\"section\" data-settings=\"{&quot;background_background&quot;:&quot;classic&quot;}\">\n\t\t\t\t\t\t\t<div class=\"elementor-background-overlay\"><\/div>\n\t\t\t\t\t\t\t<div class=\"elementor-container elementor-column-gap-wide\">\n\t\t\t\t\t<div class=\"elementor-column elementor-col-100 elementor-top-column elementor-element elementor-element-913efe9\" data-id=\"913efe9\" data-element_type=\"column\" data-e-type=\"column\">\n\t\t\t<div class=\"elementor-widget-wrap elementor-element-populated\">\n\t\t\t\t\t\t<div class=\"elementor-element elementor-element-a9afaf7 cmsmasters-block-default cmsmasters-sticky-default elementor-widget elementor-widget-heading\" data-id=\"a9afaf7\" data-element_type=\"widget\" data-e-type=\"widget\" data-widget_type=\"heading.default\">\n\t\t\t\t\t<h2 class=\"elementor-heading-title elementor-size-default\">Imprint<\/h2>\t\t\t\t<\/div>\n\t\t\t\t\t<\/div>\n\t\t<\/div>\n\t\t\t\t\t<\/div>\n\t\t<\/section>\n\t\t<div class=\"elementor-element elementor-element-75ec5fdb e-flex e-con-boxed cmsmasters-block-default e-con e-parent\" data-id=\"75ec5fdb\" data-element_type=\"container\" data-e-type=\"container\">\n\t\t\t\t\t<div class=\"e-con-inner\">\n\t\t\t\t<div class=\"elementor-element elementor-element-6e01aa9b cmsmasters-block-default cmsmasters-sticky-default elementor-widget elementor-widget-text-editor\" data-id=\"6e01aa9b\" data-element_type=\"widget\" data-e-type=\"widget\" data-widget_type=\"text-editor.default\">\n\t\t\t\t\t\t\t\t\t<p><b>Name of the practice<br \/><\/b><span style=\"background-color: rgba(0, 0, 0, 0);\">Orhtodontic practice Dr. med. dent. Sabine Frisch<\/span><\/p><p><b>Name<br \/><\/b>Dr. med. dent. Sabine Frisch<\/p><p><b>Job title<br \/><\/b><span style=\"background-color: rgba(0, 0, 0, 0);\">Orthodontist<\/span><\/p><p><strong>Address<br \/><\/strong><span style=\"background-color: rgba(0, 0, 0, 0);\">Innstra\u00dfe 7<br \/><\/span><span style=\"background-color: rgba(0, 0, 0, 0);\">6020 Innsbruck<br \/><\/span><span style=\"background-color: rgba(0, 0, 0, 0);\">Austria<\/span><\/p><p><span style=\"background-color: rgba(0, 0, 0, 0);\"><strong>Telefon<\/strong><br \/><\/span><span style=\"background-color: rgba(0, 0, 0, 0);\">+43 512 272720<\/span><\/p><p><span style=\"background-color: rgba(0, 0, 0, 0);\"><strong>Email:<\/strong><br \/><\/span><a style=\"font-style: normal; font-weight: 400; letter-spacing: normal; word-spacing: 0px;\" href=\"mailto:praxis@dr-frisch.at\" target=\"_blank\" rel=\"noopener\">praxis@dr-frisch.at<\/a><\/p><p><b>Code of professional conduct<br \/><\/b><span style=\"background-color: rgba(0, 0, 0, 0);\">Dentist law (Z\u00c4G)- available online at <\/span><a style=\"font-style: normal; font-weight: 400; letter-spacing: normal; word-spacing: 0px;\" href=\"https:\/\/ris.bka.gv.at\/\" target=\"_blank\" rel=\"noopener\">ris.bka.gv.at<\/a><\/p><p><b>Association<br \/><\/b><span style=\"background-color: rgba(0, 0, 0, 0);\">Dental association of Tyrol<\/span><\/p><p><b>Country of grant<br \/><\/b><span style=\"background-color: rgba(0, 0, 0, 0);\">Germany<\/span><\/p><p><b>Disclaimer<\/b><br \/>The website content has been created with great care. Yet we do not take accountability for correctness, completeness and up-to-dateness of the contents.<\/p><p><b>Corporation matter<br \/><\/b>Operation of an orthodontic practice<\/p><p><b>Association<br \/><\/b>Dental association of Tyrol, Anichstra\u00dfe 7\/3, 6020 Innsbruck<br \/>\u200d<br \/><b>Professional law<br \/><\/b>Bundesgesetz \u00fcber die Aus\u00fcbung des zahn\u00e4rztlichen Berufs und des Dentistenberufs (Zahn\u00e4rztegesetz).<br \/>Bundesgesetz \u00fcber die Aus\u00fcbung des \u00e4rztlichen Berufes und die Standesvertretung der \u00c4rzte (\u00c4rztegesetz).<br \/>\u200d<br \/><b>Online-settlement of disputes<\/b>\u00a0<br \/>Costumers have the possibility to address complaints to the online-settlement of disputes platform of the EU at <a href=\"https:\/\/consumer-redress.ec.europa.eu\" target=\"_blank\" rel=\"noopener\">consumer-redress.ec.europa.eu<\/a><\/p><p>\u200d<b>\u200dPhoto rights<\/b><br \/>Pictures, photos and graphics on this website underlie copyright.<br \/>The rights belong to Dr. med. dent. Sabine Frisch.\u00a0<br \/>Photographer: Maria Kirchner; Fred Einkemmer<br \/>Graphic design: Magdalena Petter\u00a0<\/p><p><b>Copyright<\/b><br \/>All contents of this website (pictures, fotos, texts, videos) underly copyright. If necessary, unauthorized use of parts of the content of our website will be judicially pursued.<br \/>\u200d<br \/><b>Accountability for the content on this website<\/b><br \/>The content of this website is ever evolving. We are aiming to deliver correct and up-to-date information. Unfortunately we can\u00b4t take accountability for the correctness of all contents on this website, especially if the information is provided by a third party. Our responsibility to delete information or disable the use of information according to general laws according to court or governmental orders remains untouched, even if we are not accountable.<\/p><p><b>Accountability for links on this website<\/b><br \/>Our website contains links to other websites. We cannot be held responsible for these contents. We cannot be held accountable for linked websites, since we have no knowledge of unlawful actions.<\/p>\t\t\t\t\t\t\t\t<\/div>\n\t\t\t\t\t<\/div>\n\t\t\t\t<\/div>\n\t\t\t\t<\/div>","protected":false},"excerpt":{"rendered":"<p>Impressum Name der PraxisKieferorthop\u00e4dische Praxis Dr. med. dent. Sabine Frisch NameDr. med. dent. Sabine Frisch BerufsbezeichnungFachzahn\u00e4rztin f\u00fcr Kieferorthop\u00e4die AnschriftInnstra\u00dfe 76020 Innsbruck\u00d6sterreich Telefon+43 512 272720 E-Mailpraxis@dr-frisch.at Berufsrechtliche VorschriftenZahn\u00e4rztegesetz (Z\u00c4G) &#8211; abrufbar unter ris.bka.gv.at Kammerzugeh\u00f6rigkeitLandeszahn\u00e4rzte\u00adkammer Tirol Verleihungsstaat der BerufsbezeichnungDeutschland HaftungsausschlussDie Inhalte dieser Website wurden mit gr\u00f6\u00dftm\u00f6glicher Sorgfalt erstellt. F\u00fcr die Richtigkeit, Vollst\u00e4ndigkeit und Aktualit\u00e4t der Inhalte wird&#8230;<\/p>","protected":false},"author":4,"featured_media":0,"parent":0,"menu_order":0,"comment_status":"closed","ping_status":"closed","template":"","meta":{"footnotes":""},"class_list":["post-3","page","type-page","status-publish","hentry"],"aioseo_notices":[],"_links":{"self":[{"href":"https:\/\/www.dr-frisch.at\/en\/wp-json\/wp\/v2\/pages\/3","targetHints":{"allow":["GET"]}}],"collection":[{"href":"https:\/\/www.dr-frisch.at\/en\/wp-json\/wp\/v2\/pages"}],"about":[{"href":"https:\/\/www.dr-frisch.at\/en\/wp-json\/wp\/v2\/types\/page"}],"author":[{"embeddable":true,"href":"https:\/\/www.dr-frisch.at\/en\/wp-json\/wp\/v2\/users\/4"}],"replies":[{"embeddable":true,"href":"https:\/\/www.dr-frisch.at\/en\/wp-json\/wp\/v2\/comments?post=3"}],"version-history":[{"count":49,"href":"https:\/\/www.dr-frisch.at\/en\/wp-json\/wp\/v2\/pages\/3\/revisions"}],"predecessor-version":[{"id":8777,"href":"https:\/\/www.dr-frisch.at\/en\/wp-json\/wp\/v2\/pages\/3\/revisions\/8777"}],"wp:attachment":[{"href":"https:\/\/www.dr-frisch.at\/en\/wp-json\/wp\/v2\/media?parent=3"}],"curies":[{"name":"wp","href":"https:\/\/api.w.org\/{rel}","templated":true}]}}